{"id":141,"date":"2021-11-02T17:15:54","date_gmt":"2021-11-02T16:15:54","guid":{"rendered":"https:\/\/mpsvar.yummycantina.sk\/?page_id=141"},"modified":"2022-01-24T19:53:32","modified_gmt":"2022-01-24T18:53:32","slug":"staly-sortiment","status":"publish","type":"page","link":"https:\/\/mpsvar.yummycantina.sk\/index.php\/staly-sortiment\/","title":{"rendered":"St\u00e1ly sortiment"},"content":{"rendered":"<!--themify_builder_content-->\n<div id=\"themify_builder_content-141\" data-postid=\"141\" class=\"themify_builder_content themify_builder_content-141 themify_builder tf_clear\">\n    \t<!-- module_row -->\n\t<div  data-lazy=\"1\" class=\"module_row themify_builder_row fullcover tb_31o9501 tb_first tf_clearfix\" >\n\t    <div class=\"tf_abs builder_row_cover\"><\/div>\t\t<div class=\"row_inner col_align_top tf_box tf_w tf_rel\">\n\t\t\t<div  data-lazy=\"1\" class=\"module_column tb-column col-full first tb_ihft502 tf_box\">\n\t    \t    \t        <div class=\"tb-column-inner tf_box tf_w\">\n\t\t    <!-- module fancy heading -->\n<div  class=\"module module-fancy-heading tb_7f2a502  tb_hide_divider\" data-lazy=\"1\">\n        <h1 class=\"fancy-heading\">\n    <span  class=\"main-head tf_block\">\n\t\t\t\t\t<span class=\"maketable\">\n\t\t\t\t\t\t\t<span class=\"addBorder\"><\/span>\n\t\t\t\t\t\t\t<span class=\"fork-icon\"><\/span>\n\t\t\t\t\t\t\t<span class=\"addBorder\"><\/span>\n\t\t\t\t\t\t\t<\/span>\n\t\t\t\t\t\t\tSt\u00e1ly sortiment\n\t\t\t\t\t\t\t<span class=\"bottomBorder\"><\/span>\t\t    <\/span>\n    <span class=\"sub-head tf_block tf_rel\">\n\t\t\t\t\tObjavujte\t\t    <\/span>\n    <\/h1>\n<\/div>\n<!-- \/module fancy heading -->\n\t        <\/div>\n\t    \t<\/div>\n\t\t    <\/div>\n\t    <!-- \/row_inner -->\n\t<\/div>\n\t<!-- \/module_row -->\n\t\t<!-- module_row -->\n\t<div  data-lazy=\"1\" class=\"module_row themify_builder_row tb_tcgv135 tf_clearfix\" >\n\t    \t\t<div class=\"row_inner col_align_top tf_box tf_w tf_rel\">\n\t\t\t<div  data-lazy=\"1\" class=\"module_column tb-column col-full first tb_1ptt141 tf_box\">\n\t    \t    \t        <div class=\"tb-column-inner tf_box tf_w\">\n\t\t    <!-- module text -->\n<div  class=\"module module-text tb_sbgo758   \" data-lazy=\"1\">\n        <div  class=\"tb_text_wrap\">\n    <p style=\"text-align: center;\"><strong>Pripravujeme pre V\u00e1s nov\u00fd st\u00e1ly sortiment<\/strong><\/p>    <\/div>\n<\/div>\n<!-- \/module text -->\t        <\/div>\n\t    \t<\/div>\n\t\t    <\/div>\n\t    <!-- \/row_inner -->\n\t<\/div>\n\t<!-- \/module_row -->\n\t<\/div>\n<!--\/themify_builder_content-->","protected":false},"excerpt":{"rendered":"<p>St\u00e1ly sortimentObjavujte Pripravujeme pre V\u00e1s nov\u00fd st\u00e1ly sortiment<\/p>\n","protected":false},"author":1,"featured_media":110,"parent":0,"menu_order":0,"comment_status":"closed","ping_status":"closed","template":"","meta":{"footnotes":""},"class_list":["post-141","page","type-page","status-publish","has-post-thumbnail","hentry","has-post-title","has-post-date","has-post-category","has-post-tag","has-post-comment","has-post-author",""],"yoast_head":"<!-- This site is optimized with the Yoast SEO plugin v17.5 - https:\/\/yoast.com\/wordpress\/plugins\/seo\/ -->\n<title>St\u00e1ly sortiment - Yummy MPSVaR<\/title>\n<meta name=\"robots\" content=\"index, follow, max-snippet:-1, max-image-preview:large, max-video-preview:-1\" \/>\n<link rel=\"canonical\" href=\"https:\/\/mpsvar.yummycantina.sk\/index.php\/staly-sortiment\/\" \/>\n<meta property=\"og:locale\" content=\"sk_SK\" \/>\n<meta property=\"og:type\" content=\"article\" \/>\n<meta property=\"og:title\" content=\"St\u00e1ly sortiment - Yummy MPSVaR\" \/>\n<meta property=\"og:description\" content=\"St\u00e1ly sortimentObjavujte Pripravujeme pre V\u00e1s nov\u00fd st\u00e1ly sortiment\" \/>\n<meta property=\"og:url\" content=\"https:\/\/mpsvar.yummycantina.sk\/index.php\/staly-sortiment\/\" \/>\n<meta property=\"og:site_name\" content=\"Yummy MPSVaR\" \/>\n<meta property=\"article:modified_time\" content=\"2022-01-24T18:53:32+00:00\" \/>\n<meta property=\"og:image\" content=\"https:\/\/mpsvar.yummycantina.sk\/wp-content\/uploads\/2021\/10\/yummy-e1634137002894.png\" \/>\n\t<meta property=\"og:image:width\" content=\"457\" \/>\n\t<meta property=\"og:image:height\" content=\"254\" \/>\n<meta name=\"twitter:card\" content=\"summary_large_image\" \/>\n<script type=\"application\/ld+json\" class=\"yoast-schema-graph\">{\"@context\":\"https:\/\/schema.org\",\"@graph\":[{\"@type\":\"Organization\",\"@id\":\"https:\/\/mpsvar.yummycantina.sk\/#organization\",\"name\":\"Yummy MPSVaR\",\"url\":\"https:\/\/mpsvar.yummycantina.sk\/\",\"sameAs\":[],\"logo\":{\"@type\":\"ImageObject\",\"@id\":\"https:\/\/mpsvar.yummycantina.sk\/#logo\",\"inLanguage\":\"sk-SK\",\"url\":\"https:\/\/mpsvar.yummycantina.sk\/wp-content\/uploads\/2021\/10\/yummy-e1634137002894.png\",\"contentUrl\":\"https:\/\/mpsvar.yummycantina.sk\/wp-content\/uploads\/2021\/10\/yummy-e1634137002894.png\",\"width\":457,\"height\":254,\"caption\":\"Yummy MPSVaR\"},\"image\":{\"@id\":\"https:\/\/mpsvar.yummycantina.sk\/#logo\"}},{\"@type\":\"WebSite\",\"@id\":\"https:\/\/mpsvar.yummycantina.sk\/#website\",\"url\":\"https:\/\/mpsvar.yummycantina.sk\/\",\"name\":\"Yummy MPSVaR\",\"description\":\"MPSVaR\",\"publisher\":{\"@id\":\"https:\/\/mpsvar.yummycantina.sk\/#organization\"},\"potentialAction\":[{\"@type\":\"SearchAction\",\"target\":{\"@type\":\"EntryPoint\",\"urlTemplate\":\"https:\/\/mpsvar.yummycantina.sk\/?s={search_term_string}\"},\"query-input\":\"required name=search_term_string\"}],\"inLanguage\":\"sk-SK\"},{\"@type\":\"ImageObject\",\"@id\":\"https:\/\/mpsvar.yummycantina.sk\/index.php\/staly-sortiment\/#primaryimage\",\"inLanguage\":\"sk-SK\",\"url\":\"https:\/\/mpsvar.yummycantina.sk\/wp-content\/uploads\/2021\/10\/yummy-e1634137002894.png\",\"contentUrl\":\"https:\/\/mpsvar.yummycantina.sk\/wp-content\/uploads\/2021\/10\/yummy-e1634137002894.png\",\"width\":457,\"height\":254},{\"@type\":\"WebPage\",\"@id\":\"https:\/\/mpsvar.yummycantina.sk\/index.php\/staly-sortiment\/#webpage\",\"url\":\"https:\/\/mpsvar.yummycantina.sk\/index.php\/staly-sortiment\/\",\"name\":\"St\\u00e1ly sortiment - Yummy MPSVaR\",\"isPartOf\":{\"@id\":\"https:\/\/mpsvar.yummycantina.sk\/#website\"},\"primaryImageOfPage\":{\"@id\":\"https:\/\/mpsvar.yummycantina.sk\/index.php\/staly-sortiment\/#primaryimage\"},\"datePublished\":\"2021-11-02T16:15:54+00:00\",\"dateModified\":\"2022-01-24T18:53:32+00:00\",\"breadcrumb\":{\"@id\":\"https:\/\/mpsvar.yummycantina.sk\/index.php\/staly-sortiment\/#breadcrumb\"},\"inLanguage\":\"sk-SK\",\"potentialAction\":[{\"@type\":\"ReadAction\",\"target\":[\"https:\/\/mpsvar.yummycantina.sk\/index.php\/staly-sortiment\/\"]}]},{\"@type\":\"BreadcrumbList\",\"@id\":\"https:\/\/mpsvar.yummycantina.sk\/index.php\/staly-sortiment\/#breadcrumb\",\"itemListElement\":[{\"@type\":\"ListItem\",\"position\":1,\"name\":\"Domovsk\\u00e1 str\\u00e1nka\",\"item\":\"https:\/\/mpsvar.yummycantina.sk\/\"},{\"@type\":\"ListItem\",\"position\":2,\"name\":\"St\\u00e1ly sortiment\"}]}]}<\/script>\n<!-- \/ Yoast SEO plugin. -->","yoast_head_json":{"title":"St\u00e1ly sortiment - Yummy MPSVaR","robots":{"index":"index","follow":"follow","max-snippet":"max-snippet:-1","max-image-preview":"max-image-preview:large","max-video-preview":"max-video-preview:-1"},"canonical":"https:\/\/mpsvar.yummycantina.sk\/index.php\/staly-sortiment\/","og_locale":"sk_SK","og_type":"article","og_title":"St\u00e1ly sortiment - Yummy MPSVaR","og_description":"St\u00e1ly sortimentObjavujte Pripravujeme pre V\u00e1s nov\u00fd st\u00e1ly sortiment","og_url":"https:\/\/mpsvar.yummycantina.sk\/index.php\/staly-sortiment\/","og_site_name":"Yummy MPSVaR","article_modified_time":"2022-01-24T18:53:32+00:00","og_image":[{"width":457,"height":254,"url":"https:\/\/mpsvar.yummycantina.sk\/wp-content\/uploads\/2021\/10\/yummy-e1634137002894.png","type":"image\/png"}],"twitter_card":"summary_large_image","schema":{"@context":"https:\/\/schema.org","@graph":[{"@type":"Organization","@id":"https:\/\/mpsvar.yummycantina.sk\/#organization","name":"Yummy MPSVaR","url":"https:\/\/mpsvar.yummycantina.sk\/","sameAs":[],"logo":{"@type":"ImageObject","@id":"https:\/\/mpsvar.yummycantina.sk\/#logo","inLanguage":"sk-SK","url":"https:\/\/mpsvar.yummycantina.sk\/wp-content\/uploads\/2021\/10\/yummy-e1634137002894.png","contentUrl":"https:\/\/mpsvar.yummycantina.sk\/wp-content\/uploads\/2021\/10\/yummy-e1634137002894.png","width":457,"height":254,"caption":"Yummy MPSVaR"},"image":{"@id":"https:\/\/mpsvar.yummycantina.sk\/#logo"}},{"@type":"WebSite","@id":"https:\/\/mpsvar.yummycantina.sk\/#website","url":"https:\/\/mpsvar.yummycantina.sk\/","name":"Yummy MPSVaR","description":"MPSVaR","publisher":{"@id":"https:\/\/mpsvar.yummycantina.sk\/#organization"},"potentialAction":[{"@type":"SearchAction","target":{"@type":"EntryPoint","urlTemplate":"https:\/\/mpsvar.yummycantina.sk\/?s={search_term_string}"},"query-input":"required name=search_term_string"}],"inLanguage":"sk-SK"},{"@type":"ImageObject","@id":"https:\/\/mpsvar.yummycantina.sk\/index.php\/staly-sortiment\/#primaryimage","inLanguage":"sk-SK","url":"https:\/\/mpsvar.yummycantina.sk\/wp-content\/uploads\/2021\/10\/yummy-e1634137002894.png","contentUrl":"https:\/\/mpsvar.yummycantina.sk\/wp-content\/uploads\/2021\/10\/yummy-e1634137002894.png","width":457,"height":254},{"@type":"WebPage","@id":"https:\/\/mpsvar.yummycantina.sk\/index.php\/staly-sortiment\/#webpage","url":"https:\/\/mpsvar.yummycantina.sk\/index.php\/staly-sortiment\/","name":"St\u00e1ly sortiment - Yummy MPSVaR","isPartOf":{"@id":"https:\/\/mpsvar.yummycantina.sk\/#website"},"primaryImageOfPage":{"@id":"https:\/\/mpsvar.yummycantina.sk\/index.php\/staly-sortiment\/#primaryimage"},"datePublished":"2021-11-02T16:15:54+00:00","dateModified":"2022-01-24T18:53:32+00:00","breadcrumb":{"@id":"https:\/\/mpsvar.yummycantina.sk\/index.php\/staly-sortiment\/#breadcrumb"},"inLanguage":"sk-SK","potentialAction":[{"@type":"ReadAction","target":["https:\/\/mpsvar.yummycantina.sk\/index.php\/staly-sortiment\/"]}]},{"@type":"BreadcrumbList","@id":"https:\/\/mpsvar.yummycantina.sk\/index.php\/staly-sortiment\/#breadcrumb","itemListElement":[{"@type":"ListItem","position":1,"name":"Domovsk\u00e1 str\u00e1nka","item":"https:\/\/mpsvar.yummycantina.sk\/"},{"@type":"ListItem","position":2,"name":"St\u00e1ly sortiment"}]}]}},"builder_content":"<h1>St\u00e1ly sortiment<br\/>Objavujte<\/h1>\n\n<p style=\"text-align: center;\"><strong>Pripravujeme pre V\u00e1s nov\u00fd st\u00e1ly sortiment<\/strong><\/p>","_links":{"self":[{"href":"https:\/\/mpsvar.yummycantina.sk\/index.php\/wp-json\/wp\/v2\/pages\/141","targetHints":{"allow":["GET"]}}],"collection":[{"href":"https:\/\/mpsvar.yummycantina.sk\/index.php\/wp-json\/wp\/v2\/pages"}],"about":[{"href":"https:\/\/mpsvar.yummycantina.sk\/index.php\/wp-json\/wp\/v2\/types\/page"}],"author":[{"embeddable":true,"href":"https:\/\/mpsvar.yummycantina.sk\/index.php\/wp-json\/wp\/v2\/users\/1"}],"replies":[{"embeddable":true,"href":"https:\/\/mpsvar.yummycantina.sk\/index.php\/wp-json\/wp\/v2\/comments?post=141"}],"version-history":[{"count":13,"href":"https:\/\/mpsvar.yummycantina.sk\/index.php\/wp-json\/wp\/v2\/pages\/141\/revisions"}],"predecessor-version":[{"id":393,"href":"https:\/\/mpsvar.yummycantina.sk\/index.php\/wp-json\/wp\/v2\/pages\/141\/revisions\/393"}],"wp:featuredmedia":[{"embeddable":true,"href":"https:\/\/mpsvar.yummycantina.sk\/index.php\/wp-json\/wp\/v2\/media\/110"}],"wp:attachment":[{"href":"https:\/\/mpsvar.yummycantina.sk\/index.php\/wp-json\/wp\/v2\/media?parent=141"}],"curies":[{"name":"wp","href":"https:\/\/api.w.org\/{rel}","templated":true}]}}