{"id":20,"date":"2016-08-09T07:37:43","date_gmt":"2016-08-09T05:37:43","guid":{"rendered":"https:\/\/themify.me\/demo\/themes\/ultra-restaurant\/?page_id=5632"},"modified":"2021-11-12T15:48:26","modified_gmt":"2021-11-12T14:48:26","slug":"catering","status":"publish","type":"page","link":"https:\/\/mpsvar.yummycantina.sk\/index.php\/catering\/","title":{"rendered":"CATERING"},"content":{"rendered":"<!--themify_builder_content-->\n<div id=\"themify_builder_content-20\" data-postid=\"20\" class=\"themify_builder_content themify_builder_content-20 themify_builder tf_clear\">\n    \t<!-- module_row -->\n\t<div  data-lazy=\"1\" class=\"module_row themify_builder_row fullcover tb_nuxp667 tb_first tf_clearfix\" >\n\t    <div class=\"tf_abs builder_row_cover\"><\/div>\t\t<div class=\"row_inner col_align_top tf_box tf_w tf_rel\">\n\t\t\t<div  data-lazy=\"1\" class=\"module_column tb-column col-full first tb_vwuu667 tf_box\">\n\t    \t    \t        <div class=\"tb-column-inner tf_box tf_w\">\n\t\t    <!-- module fancy heading -->\n<div  class=\"module module-fancy-heading tb_5y2s668  tb_hide_divider\" data-lazy=\"1\">\n        <h1 class=\"fancy-heading\">\n    <span  class=\"main-head tf_block\">\n\t\t\t\t\t<span class=\"maketable\">\n\t\t\t\t\t\t\t<span class=\"addBorder\"><\/span>\n\t\t\t\t\t\t\t<span class=\"fork-icon\"><\/span>\n\t\t\t\t\t\t\t<span class=\"addBorder\"><\/span>\n\t\t\t\t\t\t\t<\/span>\n\t\t\t\t\t\t\tCATERING\n\t\t\t\t\t\t\t<span class=\"bottomBorder\"><\/span>\t\t    <\/span>\n    <span class=\"sub-head tf_block tf_rel\">\n\t\t\t\t\tObjavujte\t\t    <\/span>\n    <\/h1>\n<\/div>\n<!-- \/module fancy heading -->\n\t        <\/div>\n\t    \t<\/div>\n\t\t    <\/div>\n\t    <!-- \/row_inner -->\n\t<\/div>\n\t<!-- \/module_row -->\n\t\t<!-- module_row -->\n\t<div  data-lazy=\"1\" class=\"module_row themify_builder_row tb_jrce135 tf_clearfix\" >\n\t    \t\t<div class=\"row_inner col_align_middle tf_box tf_w tf_rel\">\n\t\t\t<div  data-lazy=\"1\" class=\"module_column tb-column col4-2 first tb_yfu8150 tf_box\">\n\t    \t    \t        <div class=\"tb-column-inner tf_box tf_w\">\n\t\t    <!-- module fancy heading -->\n<div  class=\"module module-fancy-heading tb_7fcw150  tb_hide_divider\" data-lazy=\"1\">\n        <h2 class=\"fancy-heading\">\n    <span  class=\"main-head tf_block\">\n\t\t\t\t\t<span class=\"maketable\">\n\t\t\t\t\t\t\t<span class=\"addBorder\"><\/span>\n\t\t\t\t\t\t\t<span class=\"fork-icon\"><\/span>\n\t\t\t\t\t\t\t<span class=\"addBorder\"><\/span>\n\t\t\t\t\t\t\t<\/span>\n\t\t\t\t\t\t\t\tJEDL\u00c1 & AKCIE\n\t\t\t\t\t\t\t<span class=\"bottomBorder\"><\/span>\t\t    <\/span>\n    <span class=\"sub-head tf_block tf_rel\">\n\t\t\t\t\t\t\t    <\/span>\n    <\/h2>\n<\/div>\n<!-- \/module fancy heading -->\n<!-- module text -->\n<div  class=\"module module-text tb_pw1q151   \" data-lazy=\"1\">\n        <div  class=\"tb_text_wrap\">\n    <p>Cateringov\u00e9 menu pod\u013ea Va\u0161ich predst\u00e1v.<\/p>\n<p>Va\u0161e menu vieme zostavi\u0165 na mieru. Nemus\u00edte sa obmedzova\u0165 na\u0161\u00edm jed\u00e1lnym l\u00edstkom. Predstavte n\u00e1m Va\u0161e po\u017eiadavky a vyplnte n\u00e1\u0161 kontaktn\u00fd formul\u00e1r. Sp\u00e4tne V\u00e1m odo\u0161leme e-mail s cenovou ponukou.<\/p>    <\/div>\n<\/div>\n<!-- \/module text --><!-- module buttons -->\n<div  class=\"module module-buttons tb_z9ix473 buttons-horizontal solid  xlarge circle\" data-lazy=\"1\">\n    \t<div class=\"module-buttons-item tf_inline_b\">\n\t\t\t\t\t\t\t<a href=\"https:\/\/mpsvar.yummycantina.sk\/index.php\/kontak\/#Kontaktujte-nas\" class=\"ui builder_button orange\" >\n\t\t\t\t\t\t\t\t\t\t\t<span class=\"tf_inline_b tf_vmiddle\">Kontaktn\u00fd Formul\u00e1r<\/span>\n\t\t\t\t\t\t\t\t\t\t\t<\/a>\n\t\t\t    \t<\/div>\n\t<\/div>\n<!-- \/module buttons -->\n\t        <\/div>\n\t    \t<\/div>\n\t\t<div  data-lazy=\"1\" class=\"module_column tb-column col4-2 last tb_46mg151 tf_box\">\n\t    \t    \t        <div class=\"tb-column-inner tf_box tf_w\">\n\t\t    <!-- module image -->\n<div  class=\"module module-image tb_v98g151   image-top auto_fullwidth tf_mw\" data-lazy=\"1\">\n        <div class=\"image-wrap tf_rel tf_mw\">\n\t\t    <img loading=\"lazy\" decoding=\"async\" src=\"https:\/\/mpsvar.yummycantina.sk\/wp-content\/uploads\/2021\/11\/sparkling-glassware-stands-long-table-prepared-wedding-di-1024x683-560x400.jpg\" width=\"560\" height=\"400\" class=\"wp-post-image wp-image-172\" title=\"Sparkling glassware stands on long table prepared for wedding di\" alt=\"Sparkling glassware stands on long table prepared for wedding di\">\t\n\t\t<\/div>\n\t<!-- \/image-wrap -->\n    \n    \t<\/div>\n<!-- \/module image -->\t        <\/div>\n\t    \t<\/div>\n\t\t    <\/div>\n\t    <!-- \/row_inner -->\n\t<\/div>\n\t<!-- \/module_row -->\n\t<\/div>\n<!--\/themify_builder_content-->","protected":false},"excerpt":{"rendered":"<p>Yummy je zna\u010dka p\u00f4sobiaca na slovenskom trhu v oblasti gastron\u00f3mie. Hlavnou \u010dinnos\u0165ou na\u0161ej spolo\u010dnosti je poskytovanie plnohodnotnej stravy z \u010derstv\u00fdch surov\u00edn a kvalitn\u00e9ho m\u00e4sa. Sme hrd\u00ed na to, \u010do doma m\u00e1me, preto si slovensk\u00fa kvalitu na Slovensku chceme aj na\u010falej udr\u017ea\u0165.<\/p>\n","protected":false},"author":1,"featured_media":110,"parent":0,"menu_order":0,"comment_status":"closed","ping_status":"closed","template":"","meta":{"footnotes":""},"class_list":["post-20","page","type-page","status-publish","has-post-thumbnail","hentry","has-post-title","has-post-date","has-post-category","has-post-tag","has-post-comment","has-post-author",""],"yoast_head":"<!-- This site is optimized with the Yoast SEO plugin v17.5 - https:\/\/yoast.com\/wordpress\/plugins\/seo\/ -->\n<title>CATERING - Yummy MPSVaR<\/title>\n<meta name=\"robots\" content=\"index, follow, max-snippet:-1, max-image-preview:large, max-video-preview:-1\" \/>\n<link rel=\"canonical\" href=\"https:\/\/mpsvar.yummycantina.sk\/index.php\/catering\/\" \/>\n<meta property=\"og:locale\" content=\"sk_SK\" \/>\n<meta property=\"og:type\" content=\"article\" \/>\n<meta property=\"og:title\" content=\"CATERING - Yummy MPSVaR\" \/>\n<meta property=\"og:description\" content=\"Yummy je zna\u010dka p\u00f4sobiaca na slovenskom trhu v oblasti gastron\u00f3mie. Hlavnou \u010dinnos\u0165ou na\u0161ej spolo\u010dnosti je poskytovanie plnohodnotnej stravy z \u010derstv\u00fdch surov\u00edn a kvalitn\u00e9ho m\u00e4sa. Sme hrd\u00ed na to, \u010do doma m\u00e1me, preto si slovensk\u00fa kvalitu na Slovensku chceme aj na\u010falej udr\u017ea\u0165.\" \/>\n<meta property=\"og:url\" content=\"https:\/\/mpsvar.yummycantina.sk\/index.php\/catering\/\" \/>\n<meta property=\"og:site_name\" content=\"Yummy MPSVaR\" \/>\n<meta property=\"article:modified_time\" content=\"2021-11-12T14:48:26+00:00\" \/>\n<meta property=\"og:image\" content=\"https:\/\/mpsvar.yummycantina.sk\/wp-content\/uploads\/2021\/10\/yummy-e1634137002894.png\" \/>\n\t<meta property=\"og:image:width\" content=\"457\" \/>\n\t<meta property=\"og:image:height\" content=\"254\" \/>\n<meta name=\"twitter:card\" content=\"summary_large_image\" \/>\n<script type=\"application\/ld+json\" class=\"yoast-schema-graph\">{\"@context\":\"https:\/\/schema.org\",\"@graph\":[{\"@type\":\"Organization\",\"@id\":\"https:\/\/mpsvar.yummycantina.sk\/#organization\",\"name\":\"Yummy MPSVaR\",\"url\":\"https:\/\/mpsvar.yummycantina.sk\/\",\"sameAs\":[],\"logo\":{\"@type\":\"ImageObject\",\"@id\":\"https:\/\/mpsvar.yummycantina.sk\/#logo\",\"inLanguage\":\"sk-SK\",\"url\":\"https:\/\/mpsvar.yummycantina.sk\/wp-content\/uploads\/2021\/10\/yummy-e1634137002894.png\",\"contentUrl\":\"https:\/\/mpsvar.yummycantina.sk\/wp-content\/uploads\/2021\/10\/yummy-e1634137002894.png\",\"width\":457,\"height\":254,\"caption\":\"Yummy MPSVaR\"},\"image\":{\"@id\":\"https:\/\/mpsvar.yummycantina.sk\/#logo\"}},{\"@type\":\"WebSite\",\"@id\":\"https:\/\/mpsvar.yummycantina.sk\/#website\",\"url\":\"https:\/\/mpsvar.yummycantina.sk\/\",\"name\":\"Yummy MPSVaR\",\"description\":\"MPSVaR\",\"publisher\":{\"@id\":\"https:\/\/mpsvar.yummycantina.sk\/#organization\"},\"potentialAction\":[{\"@type\":\"SearchAction\",\"target\":{\"@type\":\"EntryPoint\",\"urlTemplate\":\"https:\/\/mpsvar.yummycantina.sk\/?s={search_term_string}\"},\"query-input\":\"required name=search_term_string\"}],\"inLanguage\":\"sk-SK\"},{\"@type\":\"ImageObject\",\"@id\":\"https:\/\/mpsvar.yummycantina.sk\/index.php\/catering\/#primaryimage\",\"inLanguage\":\"sk-SK\",\"url\":\"https:\/\/mpsvar.yummycantina.sk\/wp-content\/uploads\/2021\/10\/yummy-e1634137002894.png\",\"contentUrl\":\"https:\/\/mpsvar.yummycantina.sk\/wp-content\/uploads\/2021\/10\/yummy-e1634137002894.png\",\"width\":457,\"height\":254},{\"@type\":\"WebPage\",\"@id\":\"https:\/\/mpsvar.yummycantina.sk\/index.php\/catering\/#webpage\",\"url\":\"https:\/\/mpsvar.yummycantina.sk\/index.php\/catering\/\",\"name\":\"CATERING - Yummy MPSVaR\",\"isPartOf\":{\"@id\":\"https:\/\/mpsvar.yummycantina.sk\/#website\"},\"primaryImageOfPage\":{\"@id\":\"https:\/\/mpsvar.yummycantina.sk\/index.php\/catering\/#primaryimage\"},\"datePublished\":\"2016-08-09T05:37:43+00:00\",\"dateModified\":\"2021-11-12T14:48:26+00:00\",\"breadcrumb\":{\"@id\":\"https:\/\/mpsvar.yummycantina.sk\/index.php\/catering\/#breadcrumb\"},\"inLanguage\":\"sk-SK\",\"potentialAction\":[{\"@type\":\"ReadAction\",\"target\":[\"https:\/\/mpsvar.yummycantina.sk\/index.php\/catering\/\"]}]},{\"@type\":\"BreadcrumbList\",\"@id\":\"https:\/\/mpsvar.yummycantina.sk\/index.php\/catering\/#breadcrumb\",\"itemListElement\":[{\"@type\":\"ListItem\",\"position\":1,\"name\":\"Domovsk\\u00e1 str\\u00e1nka\",\"item\":\"https:\/\/mpsvar.yummycantina.sk\/\"},{\"@type\":\"ListItem\",\"position\":2,\"name\":\"CATERING\"}]}]}<\/script>\n<!-- \/ Yoast SEO plugin. -->","yoast_head_json":{"title":"CATERING - Yummy MPSVaR","robots":{"index":"index","follow":"follow","max-snippet":"max-snippet:-1","max-image-preview":"max-image-preview:large","max-video-preview":"max-video-preview:-1"},"canonical":"https:\/\/mpsvar.yummycantina.sk\/index.php\/catering\/","og_locale":"sk_SK","og_type":"article","og_title":"CATERING - Yummy MPSVaR","og_description":"Yummy je zna\u010dka p\u00f4sobiaca na slovenskom trhu v oblasti gastron\u00f3mie. Hlavnou \u010dinnos\u0165ou na\u0161ej spolo\u010dnosti je poskytovanie plnohodnotnej stravy z \u010derstv\u00fdch surov\u00edn a kvalitn\u00e9ho m\u00e4sa. Sme hrd\u00ed na to, \u010do doma m\u00e1me, preto si slovensk\u00fa kvalitu na Slovensku chceme aj na\u010falej udr\u017ea\u0165.","og_url":"https:\/\/mpsvar.yummycantina.sk\/index.php\/catering\/","og_site_name":"Yummy MPSVaR","article_modified_time":"2021-11-12T14:48:26+00:00","og_image":[{"width":457,"height":254,"url":"https:\/\/mpsvar.yummycantina.sk\/wp-content\/uploads\/2021\/10\/yummy-e1634137002894.png","type":"image\/png"}],"twitter_card":"summary_large_image","schema":{"@context":"https:\/\/schema.org","@graph":[{"@type":"Organization","@id":"https:\/\/mpsvar.yummycantina.sk\/#organization","name":"Yummy MPSVaR","url":"https:\/\/mpsvar.yummycantina.sk\/","sameAs":[],"logo":{"@type":"ImageObject","@id":"https:\/\/mpsvar.yummycantina.sk\/#logo","inLanguage":"sk-SK","url":"https:\/\/mpsvar.yummycantina.sk\/wp-content\/uploads\/2021\/10\/yummy-e1634137002894.png","contentUrl":"https:\/\/mpsvar.yummycantina.sk\/wp-content\/uploads\/2021\/10\/yummy-e1634137002894.png","width":457,"height":254,"caption":"Yummy MPSVaR"},"image":{"@id":"https:\/\/mpsvar.yummycantina.sk\/#logo"}},{"@type":"WebSite","@id":"https:\/\/mpsvar.yummycantina.sk\/#website","url":"https:\/\/mpsvar.yummycantina.sk\/","name":"Yummy MPSVaR","description":"MPSVaR","publisher":{"@id":"https:\/\/mpsvar.yummycantina.sk\/#organization"},"potentialAction":[{"@type":"SearchAction","target":{"@type":"EntryPoint","urlTemplate":"https:\/\/mpsvar.yummycantina.sk\/?s={search_term_string}"},"query-input":"required name=search_term_string"}],"inLanguage":"sk-SK"},{"@type":"ImageObject","@id":"https:\/\/mpsvar.yummycantina.sk\/index.php\/catering\/#primaryimage","inLanguage":"sk-SK","url":"https:\/\/mpsvar.yummycantina.sk\/wp-content\/uploads\/2021\/10\/yummy-e1634137002894.png","contentUrl":"https:\/\/mpsvar.yummycantina.sk\/wp-content\/uploads\/2021\/10\/yummy-e1634137002894.png","width":457,"height":254},{"@type":"WebPage","@id":"https:\/\/mpsvar.yummycantina.sk\/index.php\/catering\/#webpage","url":"https:\/\/mpsvar.yummycantina.sk\/index.php\/catering\/","name":"CATERING - Yummy MPSVaR","isPartOf":{"@id":"https:\/\/mpsvar.yummycantina.sk\/#website"},"primaryImageOfPage":{"@id":"https:\/\/mpsvar.yummycantina.sk\/index.php\/catering\/#primaryimage"},"datePublished":"2016-08-09T05:37:43+00:00","dateModified":"2021-11-12T14:48:26+00:00","breadcrumb":{"@id":"https:\/\/mpsvar.yummycantina.sk\/index.php\/catering\/#breadcrumb"},"inLanguage":"sk-SK","potentialAction":[{"@type":"ReadAction","target":["https:\/\/mpsvar.yummycantina.sk\/index.php\/catering\/"]}]},{"@type":"BreadcrumbList","@id":"https:\/\/mpsvar.yummycantina.sk\/index.php\/catering\/#breadcrumb","itemListElement":[{"@type":"ListItem","position":1,"name":"Domovsk\u00e1 str\u00e1nka","item":"https:\/\/mpsvar.yummycantina.sk\/"},{"@type":"ListItem","position":2,"name":"CATERING"}]}]}},"builder_content":"<h1>CATERING<br\/>Objavujte<\/h1>\n<p>Yummy je zna\u010dka p\u00f4sobiaca na slovenskom trhu v oblasti gastron\u00f3mie. Hlavnou \u010dinnos\u0165ou na\u0161ej spolo\u010dnosti je poskytovanie plnohodnotnej stravy z \u010derstv\u00fdch surov\u00edn a kvalitn\u00e9ho m\u00e4sa. Sme hrd\u00ed na to, \u010do doma m\u00e1me, preto si slovensk\u00fa kvalitu na Slovensku chceme aj na\u010falej udr\u017ea\u0165.<\/p>\n<img src=\"https:\/\/themify.me\/demo\/themes\/ultra-restaurant\/files\/2016\/08\/food1-min.jpg\" width=\"375\" height=\"341\" title=\"ROMANTICK\u00c1 VE\u010cERA\" alt=\"ROMANTICK\u00c1 VE\u010cERA\"> <h3> ROMANTICK\u00c1 VE\u010cERA <\/h3>\n<img src=\"https:\/\/themify.me\/demo\/themes\/ultra-restaurant\/files\/2016\/08\/food3-min.jpg\" width=\"375\" height=\"341\" title=\"OTVOREN\u00c9 DENNE\" alt=\"OTVOREN\u00c9 DENNE\"> <h3> OTVOREN\u00c9 DENNE <\/h3>\n<img src=\"https:\/\/themify.me\/demo\/themes\/ultra-restaurant\/files\/2016\/08\/food2-min.jpg\" width=\"375\" height=\"341\" title=\"TERASA\" alt=\"TERASA\"> <h3> TERASA <\/h3>\n<img src=\"https:\/\/themify.me\/demo\/themes\/ultra-restaurant\/files\/2016\/08\/food4-min.jpg\" width=\"375\" height=\"341\" title=\"ZDRAV\u00c9 JEDLO\" alt=\"ZDRAV\u00c9 JEDLO\"> <h3> ZDRAV\u00c9 JEDLO <\/h3>\n<h2> JEDL\u00c1 & AKCIE<br\/><\/h2>\n<p>Cateringov\u00e9 menu pod\u013ea Va\u0161ich predst\u00e1v.<\/p> <p>Va\u0161e menu vieme zostavi\u0165 na mieru. Nemus\u00edte sa obmedzova\u0165 na\u0161\u00edm jed\u00e1lnym l\u00edstkom. Predstavte n\u00e1m Va\u0161e po\u017eiadavky a vyplnte n\u00e1\u0161 kontaktn\u00fd formul\u00e1r. Sp\u00e4tne V\u00e1m odo\u0161leme e-mail s cenovou ponukou.<\/p>\n<a href=\"https:\/\/mpsvar.yummycantina.sk\/index.php\/kontak\/#Kontaktujte-nas\" > Kontaktn\u00fd Formul\u00e1r <\/a>\n<img loading=\"lazy\" decoding=\"async\" src=\"https:\/\/mpsvar.yummycantina.sk\/wp-content\/uploads\/2021\/11\/sparkling-glassware-stands-long-table-prepared-wedding-di-1024x683-560x400.jpg\" width=\"560\" height=\"400\" title=\"Sparkling glassware stands on long table prepared for wedding di\" alt=\"Sparkling glassware stands on long table prepared for wedding di\">\n<img src=\"data:image\/svg+xml;charset=UTF-8,%3Csvg%20xmlns%3D%22http%3A%2F%2Fwww.w3.org%2F2000%2Fsvg%22%20width%3D%22360%22%20height%3D%22200%22%3E%3Cg%20fill%3D%22%23434449%22%3E%3Crect%20width%3D%22120%22%20height%3D%2250%22%2F%3E%3Crect%20width%3D%22120%22%20height%3D%2250%22%20fill%3D%22%230d0908%22%20x%3D%22120%22%2F%3E%3Crect%20width%3D%22120%22%20height%3D%2250%22%20fill%3D%22%23b7bcb6%22%20x%3D%22240%22%2F%3E%3Crect%20width%3D%22120%22%20height%3D%2250%22%20fill%3D%22%23444247%22%20y%3D%2250%22%2F%3E%3Crect%20width%3D%22120%22%20height%3D%2250%22%20fill%3D%22%23dbdce1%22%20x%3D%22120%22%20y%3D%2250%22%2F%3E%3Crect%20width%3D%22120%22%20height%3D%2250%22%20fill%3D%22%239ca590%22%20x%3D%22240%22%20y%3D%2250%22%2F%3E%3Crect%20width%3D%22120%22%20height%3D%2250%22%20fill%3D%22%23e6d6b4%22%20y%3D%22100%22%2F%3E%3Crect%20width%3D%22120%22%20height%3D%2250%22%20fill%3D%22%23f2fcf1%22%20x%3D%22120%22%20y%3D%22100%22%2F%3E%3Crect%20width%3D%22120%22%20height%3D%2250%22%20fill%3D%22%231e3500%22%20x%3D%22240%22%20y%3D%22100%22%2F%3E%3Crect%20width%3D%22120%22%20height%3D%2250%22%20fill%3D%22%23bba79c%22%20y%3D%22150%22%2F%3E%3Crect%20width%3D%22120%22%20height%3D%2250%22%20fill%3D%22%23f1e9de%22%20x%3D%22120%22%20y%3D%22150%22%2F%3E%3Crect%20width%3D%22120%22%20height%3D%2250%22%20fill%3D%22%23313804%22%20x%3D%22240%22%20y%3D%22150%22%2F%3E%3C%2Fg%3E%3C%2Fsvg%3E\" data-lazy=\"1\" loading=\"lazy\" decoding=\"async\" data-tf-src=\"https:\/\/mpsvar.yummycantina.sk\/wp-content\/uploads\/2021\/10\/a-sandwich-1377387_1920-1024x682-360x200.jpg\" width=\"360\" height=\"200\" title=\"CATERING\" alt=\"CATERING\"><noscript><img loading=\"lazy\" decoding=\"async\" data-tf-not-load src=\"https:\/\/mpsvar.yummycantina.sk\/wp-content\/uploads\/2021\/10\/a-sandwich-1377387_1920-1024x682-360x200.jpg\" width=\"360\" height=\"200\" title=\"CATERING\" alt=\"CATERING\"><\/noscript> <img src=\"data:image\/svg+xml;charset=UTF-8,%3Csvg%20xmlns%3D%22http%3A%2F%2Fwww.w3.org%2F2000%2Fsvg%22%20width%3D%22360%22%20height%3D%22200%22%3E%3Cg%20fill%3D%22%23fffdf9%22%3E%3Crect%20width%3D%22120%22%20height%3D%2250%22%2F%3E%3Crect%20width%3D%22120%22%20height%3D%2250%22%20fill%3D%22%23ae523b%22%20x%3D%22120%22%2F%3E%3Crect%20width%3D%22120%22%20height%3D%2250%22%20fill%3D%22%23b91b32%22%20x%3D%22240%22%2F%3E%3Crect%20width%3D%22120%22%20height%3D%2250%22%20fill%3D%22%239c2a20%22%20y%3D%2250%22%2F%3E%3Crect%20width%3D%22120%22%20height%3D%2250%22%20fill%3D%22%237f0a1c%22%20x%3D%22120%22%20y%3D%2250%22%2F%3E%3Crect%20width%3D%22120%22%20height%3D%2250%22%20fill%3D%22%23730714%22%20x%3D%22240%22%20y%3D%2250%22%2F%3E%3Crect%20width%3D%22120%22%20height%3D%2250%22%20fill%3D%22%239f0e1d%22%20y%3D%22100%22%2F%3E%3Crect%20width%3D%22120%22%20height%3D%2250%22%20fill%3D%22%23944c24%22%20x%3D%22120%22%20y%3D%22100%22%2F%3E%3Crect%20width%3D%22120%22%20height%3D%2250%22%20fill%3D%22%238d1107%22%20x%3D%22240%22%20y%3D%22100%22%2F%3E%3Crect%20width%3D%22120%22%20height%3D%2250%22%20fill%3D%22%23831520%22%20y%3D%22150%22%2F%3E%3Crect%20width%3D%22120%22%20height%3D%2250%22%20fill%3D%22%23914336%22%20x%3D%22120%22%20y%3D%22150%22%2F%3E%3Crect%20width%3D%22120%22%20height%3D%2250%22%20fill%3D%22%23751312%22%20x%3D%22240%22%20y%3D%22150%22%2F%3E%3C%2Fg%3E%3C%2Fsvg%3E\" data-lazy=\"1\" loading=\"lazy\" decoding=\"async\" data-tf-src=\"https:\/\/mpsvar.yummycantina.sk\/wp-content\/uploads\/2021\/10\/sushi-1024x685-360x200.jpg\" width=\"360\" height=\"200\" title=\"CATERING\" alt=\"CATERING\"><noscript><img loading=\"lazy\" decoding=\"async\" data-tf-not-load src=\"https:\/\/mpsvar.yummycantina.sk\/wp-content\/uploads\/2021\/10\/sushi-1024x685-360x200.jpg\" width=\"360\" height=\"200\" title=\"CATERING\" alt=\"CATERING\"><\/noscript> <img src=\"data:image\/svg+xml;charset=UTF-8,%3Csvg%20xmlns%3D%22http%3A%2F%2Fwww.w3.org%2F2000%2Fsvg%22%20width%3D%22360%22%20height%3D%22200%22%3E%3Cg%20fill%3D%22%23e0cdbe%22%3E%3Crect%20width%3D%22120%22%20height%3D%2250%22%2F%3E%3Crect%20width%3D%22120%22%20height%3D%2250%22%20fill%3D%22%23c9420a%22%20x%3D%22120%22%2F%3E%3Crect%20width%3D%22120%22%20height%3D%2250%22%20fill%3D%22%23b69681%22%20x%3D%22240%22%2F%3E%3Crect%20width%3D%22120%22%20height%3D%2250%22%20fill%3D%22%23aa3100%22%20y%3D%2250%22%2F%3E%3Crect%20width%3D%22120%22%20height%3D%2250%22%20fill%3D%22%23dd9646%22%20x%3D%22120%22%20y%3D%2250%22%2F%3E%3Crect%20width%3D%22120%22%20height%3D%2250%22%20fill%3D%22%23c7a833%22%20x%3D%22240%22%20y%3D%2250%22%2F%3E%3Crect%20width%3D%22120%22%20height%3D%2250%22%20fill%3D%22%23d2b28c%22%20y%3D%22100%22%2F%3E%3Crect%20width%3D%22120%22%20height%3D%2250%22%20fill%3D%22%23dac1a2%22%20x%3D%22120%22%20y%3D%22100%22%2F%3E%3Crect%20width%3D%22120%22%20height%3D%2250%22%20fill%3D%22%23838800%22%20x%3D%22240%22%20y%3D%22100%22%2F%3E%3Crect%20width%3D%22120%22%20height%3D%2250%22%20fill%3D%22%23cb4f00%22%20y%3D%22150%22%2F%3E%3Crect%20width%3D%22120%22%20height%3D%2250%22%20fill%3D%22%23a42d02%22%20x%3D%22120%22%20y%3D%22150%22%2F%3E%3Crect%20width%3D%22120%22%20height%3D%2250%22%20fill%3D%22%23eadcc1%22%20x%3D%22240%22%20y%3D%22150%22%2F%3E%3C%2Fg%3E%3C%2Fsvg%3E\" data-lazy=\"1\" loading=\"lazy\" decoding=\"async\" data-tf-src=\"https:\/\/mpsvar.yummycantina.sk\/wp-content\/uploads\/2021\/10\/kimchi-1024x682-360x200.jpg\" width=\"360\" height=\"200\" title=\"CATERING\" alt=\"CATERING\"><noscript><img loading=\"lazy\" decoding=\"async\" data-tf-not-load src=\"https:\/\/mpsvar.yummycantina.sk\/wp-content\/uploads\/2021\/10\/kimchi-1024x682-360x200.jpg\" width=\"360\" height=\"200\" title=\"CATERING\" alt=\"CATERING\"><\/noscript> <img src=\"data:image\/svg+xml;charset=UTF-8,%3Csvg%20xmlns%3D%22http%3A%2F%2Fwww.w3.org%2F2000%2Fsvg%22%20width%3D%22360%22%20height%3D%22200%22%3E%3Cg%20fill%3D%22%23c0babe%22%3E%3Crect%20width%3D%22120%22%20height%3D%2250%22%2F%3E%3Crect%20width%3D%22120%22%20height%3D%2250%22%20fill%3D%22%23c1b0a9%22%20x%3D%22120%22%2F%3E%3Crect%20width%3D%22120%22%20height%3D%2250%22%20fill%3D%22%23736025%22%20x%3D%22240%22%2F%3E%3Crect%20width%3D%22120%22%20height%3D%2250%22%20fill%3D%22%23c6bcbb%22%20y%3D%2250%22%2F%3E%3Crect%20width%3D%22120%22%20height%3D%2250%22%20fill%3D%22%23003c00%22%20x%3D%22120%22%20y%3D%2250%22%2F%3E%3Crect%20width%3D%22120%22%20height%3D%2250%22%20fill%3D%22%238f6b49%22%20x%3D%22240%22%20y%3D%2250%22%2F%3E%3Crect%20width%3D%22120%22%20height%3D%2250%22%20fill%3D%22%23c4bab8%22%20y%3D%22100%22%2F%3E%3Crect%20width%3D%22120%22%20height%3D%2250%22%20fill%3D%22%23dfc19d%22%20x%3D%22120%22%20y%3D%22100%22%2F%3E%3Crect%20width%3D%22120%22%20height%3D%2250%22%20fill%3D%22%230f2906%22%20x%3D%22240%22%20y%3D%22100%22%2F%3E%3Crect%20width%3D%22120%22%20height%3D%2250%22%20fill%3D%22%23c4b9b5%22%20y%3D%22150%22%2F%3E%3Crect%20width%3D%22120%22%20height%3D%2250%22%20fill%3D%22%23e6e2df%22%20x%3D%22120%22%20y%3D%22150%22%2F%3E%3Crect%20width%3D%22120%22%20height%3D%2250%22%20fill%3D%22%234c3000%22%20x%3D%22240%22%20y%3D%22150%22%2F%3E%3C%2Fg%3E%3C%2Fsvg%3E\" data-lazy=\"1\" loading=\"lazy\" decoding=\"async\" data-tf-src=\"https:\/\/mpsvar.yummycantina.sk\/wp-content\/uploads\/2021\/10\/pasta-1330541_1920-1024x682-360x200.jpg\" width=\"360\" height=\"200\" title=\"CATERING\" alt=\"CATERING\"><noscript><img loading=\"lazy\" decoding=\"async\" data-tf-not-load src=\"https:\/\/mpsvar.yummycantina.sk\/wp-content\/uploads\/2021\/10\/pasta-1330541_1920-1024x682-360x200.jpg\" width=\"360\" height=\"200\" title=\"CATERING\" alt=\"CATERING\"><\/noscript> <img src=\"data:image\/svg+xml;charset=UTF-8,%3Csvg%20xmlns%3D%22http%3A%2F%2Fwww.w3.org%2F2000%2Fsvg%22%20width%3D%22360%22%20height%3D%22200%22%3E%3Cg%20fill%3D%22%23031018%22%3E%3Crect%20width%3D%22120%22%20height%3D%2250%22%2F%3E%3Crect%20width%3D%22120%22%20height%3D%2250%22%20fill%3D%22%2332700b%22%20x%3D%22120%22%2F%3E%3Crect%20width%3D%22120%22%20height%3D%2250%22%20fill%3D%22%2379a953%22%20x%3D%22240%22%2F%3E%3Crect%20width%3D%22120%22%20height%3D%2250%22%20fill%3D%22%230f1207%22%20y%3D%2250%22%2F%3E%3Crect%20width%3D%22120%22%20height%3D%2250%22%20fill%3D%22%2322272d%22%20x%3D%22120%22%20y%3D%2250%22%2F%3E%3Crect%20width%3D%22120%22%20height%3D%2250%22%20fill%3D%22%237f6c4c%22%20x%3D%22240%22%20y%3D%2250%22%2F%3E%3Crect%20width%3D%22120%22%20height%3D%2250%22%20fill%3D%22%23572605%22%20y%3D%22100%22%2F%3E%3Crect%20width%3D%22120%22%20height%3D%2250%22%20fill%3D%22%23805a47%22%20x%3D%22120%22%20y%3D%22100%22%2F%3E%3Crect%20width%3D%22120%22%20height%3D%2250%22%20fill%3D%22%238d6f3b%22%20x%3D%22240%22%20y%3D%22100%22%2F%3E%3Crect%20width%3D%22120%22%20height%3D%2250%22%20fill%3D%22%23235109%22%20y%3D%22150%22%2F%3E%3Crect%20width%3D%22120%22%20height%3D%2250%22%20fill%3D%22%23360d00%22%20x%3D%22120%22%20y%3D%22150%22%2F%3E%3Crect%20width%3D%22120%22%20height%3D%2250%22%20fill%3D%22%23916244%22%20x%3D%22240%22%20y%3D%22150%22%2F%3E%3C%2Fg%3E%3C%2Fsvg%3E\" data-lazy=\"1\" loading=\"lazy\" decoding=\"async\" data-tf-src=\"https:\/\/mpsvar.yummycantina.sk\/wp-content\/uploads\/2021\/10\/beef-1239187_1920-1024x652-360x200.jpg\" width=\"360\" height=\"200\" title=\"CATERING\" alt=\"CATERING\"><noscript><img loading=\"lazy\" decoding=\"async\" data-tf-not-load src=\"https:\/\/mpsvar.yummycantina.sk\/wp-content\/uploads\/2021\/10\/beef-1239187_1920-1024x652-360x200.jpg\" width=\"360\" height=\"200\" title=\"CATERING\" alt=\"CATERING\"><\/noscript>","_links":{"self":[{"href":"https:\/\/mpsvar.yummycantina.sk\/index.php\/wp-json\/wp\/v2\/pages\/20","targetHints":{"allow":["GET"]}}],"collection":[{"href":"https:\/\/mpsvar.yummycantina.sk\/index.php\/wp-json\/wp\/v2\/pages"}],"about":[{"href":"https:\/\/mpsvar.yummycantina.sk\/index.php\/wp-json\/wp\/v2\/types\/page"}],"author":[{"embeddable":true,"href":"https:\/\/mpsvar.yummycantina.sk\/index.php\/wp-json\/wp\/v2\/users\/1"}],"replies":[{"embeddable":true,"href":"https:\/\/mpsvar.yummycantina.sk\/index.php\/wp-json\/wp\/v2\/comments?post=20"}],"version-history":[{"count":28,"href":"https:\/\/mpsvar.yummycantina.sk\/index.php\/wp-json\/wp\/v2\/pages\/20\/revisions"}],"predecessor-version":[{"id":295,"href":"https:\/\/mpsvar.yummycantina.sk\/index.php\/wp-json\/wp\/v2\/pages\/20\/revisions\/295"}],"wp:featuredmedia":[{"embeddable":true,"href":"https:\/\/mpsvar.yummycantina.sk\/index.php\/wp-json\/wp\/v2\/media\/110"}],"wp:attachment":[{"href":"https:\/\/mpsvar.yummycantina.sk\/index.php\/wp-json\/wp\/v2\/media?parent=20"}],"curies":[{"name":"wp","href":"https:\/\/api.w.org\/{rel}","templated":true}]}}